{"id":133,"date":"2018-04-26T15:47:06","date_gmt":"2018-04-26T13:47:06","guid":{"rendered":"https:\/\/mz-speyer.bildung-rp.de\/?page_id=133"},"modified":"2026-01-15T13:46:43","modified_gmt":"2026-01-15T12:46:43","slug":"impressum","status":"publish","type":"page","link":"https:\/\/mz-speyer.bildung-rp.de\/index.php\/impressum\/","title":{"rendered":"Impressum"},"content":{"rendered":"\t\t<div data-elementor-type=\"wp-post\" data-elementor-id=\"133\" class=\"elementor elementor-133\">\n\t\t\t\t\t\t<section class=\"elementor-section elementor-top-section elementor-element elementor-element-40b0c4b0 elementor-section-boxed elementor-section-height-default elementor-section-height-default\" data-id=\"40b0c4b0\" data-element_type=\"section\" data-e-type=\"section\">\n\t\t\t\t\t\t<div class=\"elementor-container elementor-column-gap-default\">\n\t\t\t\t\t<div class=\"elementor-column elementor-col-100 elementor-top-column elementor-element elementor-element-6c6edd2c\" data-id=\"6c6edd2c\" data-element_type=\"column\" data-e-type=\"column\">\n\t\t\t<div class=\"elementor-widget-wrap elementor-element-populated\">\n\t\t\t\t\t\t<div class=\"elementor-element elementor-element-2d0987c5 elementor-widget elementor-widget-text-editor\" data-id=\"2d0987c5\" data-element_type=\"widget\" data-e-type=\"widget\" data-widget_type=\"text-editor.default\">\n\t\t\t\t<div class=\"elementor-widget-container\">\n\t\t\t\t\t\t\t\t\t<h2 class=\"contentheading\"><span style=\"color: #000000;\">Disclaimer<\/span><\/h2><div class=\"article-content\"><p><span style=\"color: #000000;\">Medienzentrum im Media:TOR<\/span><br \/><span style=\"color: #000000;\">Stadt- und Kreisbildstelle Speyer<\/span><br \/><span style=\"color: #000000;\">Maximiliansta\u00dfe 8<\/span><br \/><span style=\"color: #000000;\">67346 Speyer<\/span><br \/><span style=\"color: #000000;\">Telefon: 0 62 32 \/ 14 &#8211; 28 80<\/span><br \/><span style=\"color: #000000;\">www.mz-speyer.bildung-rp.de<\/span><br \/><span style=\"color: #2a57bf;\"><a style=\"color: #2a57bf;\" href=\"mailto:info@mz-speyer.bildung-rp.de\"><span style=\"color: #6ec1e4;\"><span style=\"color: #0070c0;\">info@mz-speyer.bildung-rp.de<\/span><\/span><\/a><\/span><br \/><span style=\"color: #000000;\">Leitung: Ulf Weber<\/span><\/p><p><span style=\"color: #000000;\"><strong>Haftungsausschluss (Disclaimer)<\/strong><\/span><\/p><p><span style=\"color: #000000;\"><strong>Haftung f\u00fcr Inhalte<\/strong><\/span><\/p><p><span style=\"color: #000000;\">Auf die Richtigkeit, Aktualit\u00e4t, Vollst\u00e4ndigkeit, Verst\u00e4ndlichkeit und Verf\u00fcgbarkeit der bereitgestellten Informationen wird zwar sehr sorgf\u00e4ltig geachtet, dennoch \u00fcbernimmt die Stadt- und Kreisbildstelle Speyer hierf\u00fcr keinerlei Gew\u00e4hr.<\/span><\/p><p><span style=\"color: #000000;\">Die Stadt- und Kreisbildstelle Speyer haftet nicht f\u00fcr Sch\u00e4den materieller oder immaterieller Art, die durch die Nutzung oder Nichtnutzung angebotener Informationen oder dieses Internetangebots entstehen. F\u00fcr etwaige Sch\u00e4den, die beim Aufrufen oder Herunterladen von Daten durch Schadsoftware oder der Installation oder Nutzung von Software verursacht werden, wird nicht gehaftet, sofern seitens der Schule kein nachweislich vors\u00e4tzliches oder grob fahrl\u00e4ssiges Verschulden vorliegt. Ein Vertragsverh\u00e4ltnis mit den Nutzerinnen und Nutzern des Internetangebots kommt nicht zustande.<\/span><\/p><p><span style=\"color: #000000;\">Alle Angebote sind freibleibend und unverbindlich. Die Stadt- und Kreisbildstelle Speyer beh\u00e4lt es sich ausdr\u00fccklich vor, Teile der Seiten oder das gesamte Angebot ohne gesonderte Ank\u00fcndigung zu ver\u00e4ndern, zu erg\u00e4nzen, zu l\u00f6schen oder die Ver\u00f6ffentlichung zeitweise oder endg\u00fcltig einzustellen.<\/span><\/p><p><span style=\"color: #000000;\">Als Diensteanbieter sind wir gem\u00e4\u00df \u00a7 7 Abs.1 TMG f\u00fcr eigene Inhalte auf diesen Seiten nach den allgemeinen Gesetzen verantwortlich. Nach \u00a7\u00a7 8 bis 10 TMG sind wir als Diensteanbieter jedoch nicht verpflichtet, \u00fcbermittelte oder gespeicherte fremde Informationen zu \u00fcberwachen oder nach Umst\u00e4nden zu forschen, die auf eine rechtswidrige T\u00e4tigkeit hinweisen. Verpflichtungen zur Entfernung oder Sperrung der Nutzung von Informationen nach den allgemeinen Gesetzen bleiben hiervon unber\u00fchrt. Eine diesbez\u00fcgliche Haftung ist jedoch erst ab dem Zeitpunkt der Kenntnis einer konkreten Rechtsverletzung m\u00f6glich. Bei bekannt werden von entsprechenden Rechtsverletzungen werden wir diese Inhalte umgehend entfernen.<\/span><\/p><p><span style=\"color: #000000;\"><strong>Haftung f\u00fcr Links<\/strong><\/span><\/p><p><span style=\"color: #000000;\">Unser Angebot enth\u00e4lt Links zu externen Webseiten Dritter, auf deren Inhalte wir keinen Einfluss haben. Deshalb k\u00f6nnen wir f\u00fcr diese fremden Inhalte auch keine Gew\u00e4hr \u00fcbernehmen. F\u00fcr die Inhalte der verlinkten Seiten ist stets der jeweilige Anbieter oder Betreiber der Seiten verantwortlich. Die verlinkten Seiten wurden zum Zeitpunkt der Verlinkung auf m\u00f6gliche Rechtsverst\u00f6\u00dfe \u00fcberpr\u00fcft. Rechtswidrige Inhalte waren zum Zeitpunkt der Verlinkung nicht erkennbar. Eine permanente inhaltliche Kontrolle der verlinkten Seiten ist jedoch ohne konkrete Anhaltspunkte einer Rechtsverletzung nicht zumutbar. Bei Bekanntwerden von Rechtsverletzungen werden wir derartige Links umgehend entfernen.<\/span><\/p><p><strong><span style=\"color: #000000;\">Haftung f\u00fcr Websites<\/span><\/strong><\/p><\/div><div id=\"c58624\" class=\"container py-0 my-0 frame frame-default frame-type-textmedia frame-layout-0\"><div class=\"ce-textpic\"><div class=\"ce-bodytext\"><p><span style=\"color: #000000;\">Die Herausgeberin \/ der Herausgeber dieser Website \u00fcbernimmt keine Gew\u00e4hr f\u00fcr Vollst\u00e4ndigkeit und Richtigkeit. Auch wenn die Inhalte mit gr\u00f6\u00dftm\u00f6glicher Sorgfalt und nach bestem Gewissen erstellt wurden, wird eine Haftung hierf\u00fcr ausgeschlossen. Sollte der Anbieterin \/ dem Anbieter zur Kenntnis gelangen, dass Inhalte fremde Rechte verletzten, werden diese unverz\u00fcglich entfernt.<\/span><\/p><p><strong style=\"color: #000000;\">Urheberrecht<\/strong><\/p><\/div><\/div><\/div><div class=\"article-content\"><p><span style=\"color: #000000;\">Alle Inhalte und Strukturen dieser Website sind urheberrechtlich gesch\u00fctzt. Die Ver\u00f6ffentlichung im World Wide Web oder in sonstigen Diensten des Internets bedeutet noch keine Einverst\u00e4ndniserkl\u00e4rung f\u00fcr eine anderweitige Nutzung durch Dritte. Die anderweitige Nutzung des hier bereitgestellten Informationsmaterials \u00fcber die Stadt- und Kreisbildstelle Speyer ist daher nicht zul\u00e4ssig. Auf den Webseiten zur Verf\u00fcgung gestellte Texte, Textteile, Grafiken, Tabellen sowie Ton-, Video- oder Bildmaterialien d\u00fcrfen ohne vorherige Zustimmung der Stadt- und Kreisbildstelle nicht vervielf\u00e4ltigt, nicht verbreitet und nicht ausgestellt werden.<br \/>Die ver\u00f6ffentlichten Logos unterliegen dem Copyright\u00a0 der jeweiligen Institution.<br \/><br \/><\/span><\/p><\/div><div class=\"article-content\"><p><span style=\"color: #000000;\"><strong>Datenschutz<\/strong><\/span><\/p><p><span style=\"color: #000000;\">Die Nutzung unserer Webseite ist in der Regel ohne Angabe personenbezogener Daten m\u00f6glich. Soweit auf unseren Seiten personenbezogene Daten (beispielsweise Name, Anschrift oder eMail-Adressen) erhoben werden, erfolgt dies, soweit m\u00f6glich, stets auf freiwilliger Basis. Diese Daten werden ohne Ihre ausdr\u00fcckliche Zustimmung nicht an Dritte weitergegeben.<\/span><\/p><p><span style=\"color: #000000;\">Wir weisen darauf hin, dass die Daten\u00fcbertragung im Internet (z.B. bei der Kommunikation per E-Mail) Sicherheitsl\u00fccken aufweisen kann. Ein l\u00fcckenloser Schutz der Daten vor dem Zugriff durch Dritte ist nicht m\u00f6glich.<\/span><\/p><p><span style=\"color: #000000;\">Der Nutzung von im Rahmen der Impressumspflicht ver\u00f6ffentlichten Kontaktdaten durch Dritte zur \u00dcbersendung von nicht ausdr\u00fccklich angeforderter Werbung und Informationsmaterialien wird hiermit ausdr\u00fccklich widersprochen. Die Betreiber der Seiten behalten sich ausdr\u00fccklich rechtliche Schritte im Falle der unverlangten Zusendung von Werbeinformationen, etwa durch Spam-Mails, vor.<\/span><\/p><\/div><p><span style=\"color: #000000;\"><strong>Rechtswirksamkeit dieses Haftungsausschlusses<\/strong><\/span><\/p><p><span style=\"color: #000000;\">Dieser Haftungsausschluss ist als Teil des Internetangebotes zu betrachten, von dem aus auf diese Seite verwiesen wurde. Sofern Teile oder einzelne Formulierungen dieses Textes der geltenden Rechtslage nicht, nicht mehr oder nicht vollst\u00e4ndig entsprechen sollten, bleiben die \u00fcbrigen Teile des Dokumentes in ihrem Inhalt und ihrer G\u00fcltigkeit davon unber\u00fchrt.<\/span><\/p><p><span style=\"color: #000000;\"><strong>Fehlermeldungen:<\/strong><\/span><br \/><span style=\"color: #000000;\">Die Stadt- und Kreisbildstelle bittet die Nutzerinnen und Nutzer von <span style=\"color: #0070c0;\"><a style=\"color: #0070c0;\" href=\"https:\/\/mz-speyer.bildung-rp.de\" target=\"_blank\" rel=\"noopener\">https:\/\/mz-speyer.bildung-rp.de<\/a><\/span>, auf rechtswidrige oder fehlerhafte Inhalte Dritter, zu denen in der Internetpr\u00e4senz ein Link unterhalten wird, ggf. aufmerksam zu machen. Ebenso wird um eine Nachricht unter der angegebenen Kontaktadresse gebeten, wenn eigene Inhalte nicht fehlerfrei, aktuell, vollst\u00e4ndig, verf\u00fcgbar oder verst\u00e4ndlich sind.<\/span><\/p><p style=\"text-align: right;\"><span style=\"color: #000000;\">Quelle: schulemedienrecht.rlp.de, zugegriffen am 11.12.2024,\u00a0<\/span><br \/><span style=\"color: #000000;\">CC BY 4.0 P\u00e4dagogisches Landesinstitut RLP<\/span><\/p>\t\t\t\t\t\t\t\t<\/div>\n\t\t\t\t<\/div>\n\t\t\t\t\t<\/div>\n\t\t<\/div>\n\t\t\t\t\t<\/div>\n\t\t<\/section>\n\t\t\t\t<\/div>\n\t\t","protected":false},"excerpt":{"rendered":"<p>Disclaimer Medienzentrum im Media:TORStadt- und Kreisbildstelle SpeyerMaximiliansta\u00dfe 867346 SpeyerTelefon: 0 62 32 \/ 14 &#8211; 28 80www.mz-speyer.bildung-rp.deinfo@mz-speyer.bildung-rp.deLeitung: Ulf Weber Haftungsausschluss (Disclaimer) Haftung f\u00fcr Inhalte Auf die Richtigkeit, Aktualit\u00e4t, Vollst\u00e4ndigkeit, Verst\u00e4ndlichkeit und Verf\u00fcgbarkeit der bereitgestellten Informationen wird zwar sehr sorgf\u00e4ltig geachtet, &hellip;<\/p>\n<p class=\"read-more\"> <a class=\"more-link\" href=\"https:\/\/mz-speyer.bildung-rp.de\/index.php\/impressum\/\"> <span class=\"screen-reader-text\">Impressum<\/span> Weiterlesen &raquo;<\/a><\/p>\n","protected":false},"author":3,"featured_media":0,"parent":0,"menu_order":7,"comment_status":"closed","ping_status":"closed","template":"","meta":{"footnotes":""},"class_list":["post-133","page","type-page","status-publish","hentry"],"jetpack_sharing_enabled":true,"jetpack_shortlink":"https:\/\/wp.me\/PacmTy-29","jetpack-related-posts":[{"id":79,"url":"https:\/\/mz-speyer.bildung-rp.de\/","url_meta":{"origin":133,"position":0},"title":"Start","author":"mz-speyer","date":"26. April 2018","format":false,"excerpt":"Medienkompetenz durch MedienbildungAls regionaler Dienstleister unterst\u00fctzt das Medienzentrum Stadt- und Kreisbildstelle Speyer als Anlaufstelle alle Erziehungs- und Bildungsinstitutionen in der Region. Im Rahmen der kommunalen Aufgaben wird eine breite Auswahl an lizenzierten Bildungsmedien angeboten, die sowohl im Verleih als auch in der Mediathek zur Verf\u00fcgung stehen.Im Bereich der digitalen Bildung\u2026","rel":"","context":"\u00c4hnlicher Beitrag","block_context":{"text":"\u00c4hnlicher Beitrag","link":""},"img":{"alt_text":"","src":"","width":0,"height":0},"classes":[]},{"id":28,"url":"https:\/\/mz-speyer.bildung-rp.de\/index.php\/fortbildungen\/","url_meta":{"origin":133,"position":1},"title":"Fortbildungen","author":"mz-speyer","date":"15. M\u00e4rz 2018","format":false,"excerpt":"\u00dcbersicht Pr\u00e4senzveranstaltungen Anmeldung in Fortbildung-Online Leistungsbewertung mit KI?! Donnerstag, 21.05.2026 (09:00 \u2013 13:00 Uhr) Anmeldung VA-Nr.: 26D4606341Kooperation mit dem Staatlichen Studienseminar f\u00fcr das Lehramt an Grundschulen RohrbachDigitale Medien und insbesondere KI-gest\u00fctzte Technologien pr\u00e4gen zunehmend den Schulalltag. Doch wie wirken diese Technologien eigentlich auf Lernende und Lehrende? Welche Chancen bieten sie\u2026","rel":"","context":"\u00c4hnlicher Beitrag","block_context":{"text":"\u00c4hnlicher Beitrag","link":""},"img":{"alt_text":"","src":"https:\/\/i0.wp.com\/mz-speyer.bildung-rp.de\/wp-content\/uploads\/2025\/03\/Bildschirmfoto-2025-03-06-um-15.47.30-1024x126.png?resize=350%2C200&ssl=1","width":350,"height":200,"srcset":"https:\/\/i0.wp.com\/mz-speyer.bildung-rp.de\/wp-content\/uploads\/2025\/03\/Bildschirmfoto-2025-03-06-um-15.47.30-1024x126.png?resize=350%2C200&ssl=1 1x, https:\/\/i0.wp.com\/mz-speyer.bildung-rp.de\/wp-content\/uploads\/2025\/03\/Bildschirmfoto-2025-03-06-um-15.47.30-1024x126.png?resize=525%2C300&ssl=1 1.5x"},"classes":[]},{"id":947,"url":"https:\/\/mz-speyer.bildung-rp.de\/index.php\/praesentationstechnik\/","url_meta":{"origin":133,"position":2},"title":"Pr\u00e4sentationstechnik","author":"mz-speyer","date":"14. November 2019","format":false,"excerpt":"Erfahren Sie hier mehr \u00fcber das Potential interaktiver Tafeln f\u00fcr den Unterricht und ihre vielf\u00e4ltigen Einsatzm\u00f6glichkeiten. Ausschreibungen und Rahmenvertr\u00e4ge in RLP Sie planen eine Beschaffung? Bei uns k\u00f6nnen Sie sich die digitalen Tafeln vor Ort anschauen und ausprobieren. Vereinbaren Sie hierzu einen Termin mit uns.Durch den Klick auf die Logos\u2026","rel":"","context":"\u00c4hnlicher Beitrag","block_context":{"text":"\u00c4hnlicher Beitrag","link":""},"img":{"alt_text":"","src":"https:\/\/i0.wp.com\/mz-speyer.bildung-rp.de\/wp-content\/uploads\/2025\/03\/Bildschirmfoto-2025-03-06-um-15.47.22-1024x126.png?resize=350%2C200&ssl=1","width":350,"height":200,"srcset":"https:\/\/i0.wp.com\/mz-speyer.bildung-rp.de\/wp-content\/uploads\/2025\/03\/Bildschirmfoto-2025-03-06-um-15.47.22-1024x126.png?resize=350%2C200&ssl=1 1x, https:\/\/i0.wp.com\/mz-speyer.bildung-rp.de\/wp-content\/uploads\/2025\/03\/Bildschirmfoto-2025-03-06-um-15.47.22-1024x126.png?resize=525%2C300&ssl=1 1.5x"},"classes":[]},{"id":6109,"url":"https:\/\/mz-speyer.bildung-rp.de\/index.php\/kuenstliche-intelligenz-ki\/","url_meta":{"origin":133,"position":3},"title":"K\u00fcnstliche Intelligenz (KI)","author":"mz-speyer","date":"11. Dezember 2024","format":false,"excerpt":"Ab Februar 2026 steht Ihnen landesweit die neue\u00a0Masterclass KI - K\u00fcnstliche Intelligenz im Klassenzimmer\u00a0zur Verf\u00fcgung.\u00a0Die wichtigsten Fakten im \u00dcberblick:K\u00fcnstliche Intelligenz ver\u00e4ndert Lernen und Lehren grundlegend.Viele Sch\u00fclerinnen und Sch\u00fcler nutzen KI-Tools bereits selbstverst\u00e4ndlich.Die Masterclass richtet sich gezielt an Lehrkr\u00e4fte und Studierende.KI soll Lehrkr\u00e4fte unterst\u00fctzen und entlasten \u2013 nicht ersetzen.Zentrale Themen sind\u2026","rel":"","context":"\u00c4hnlicher Beitrag","block_context":{"text":"\u00c4hnlicher Beitrag","link":""},"img":{"alt_text":"","src":"https:\/\/i0.wp.com\/mz-speyer.bildung-rp.de\/wp-content\/uploads\/2025\/03\/Bildschirmfoto-2025-03-06-um-15.56.43-1024x126.png?resize=350%2C200&ssl=1","width":350,"height":200,"srcset":"https:\/\/i0.wp.com\/mz-speyer.bildung-rp.de\/wp-content\/uploads\/2025\/03\/Bildschirmfoto-2025-03-06-um-15.56.43-1024x126.png?resize=350%2C200&ssl=1 1x, https:\/\/i0.wp.com\/mz-speyer.bildung-rp.de\/wp-content\/uploads\/2025\/03\/Bildschirmfoto-2025-03-06-um-15.56.43-1024x126.png?resize=525%2C300&ssl=1 1.5x"},"classes":[]},{"id":4348,"url":"https:\/\/mz-speyer.bildung-rp.de\/index.php\/schulcampus-im-bildungsportal-rlp\/","url_meta":{"origin":133,"position":4},"title":"Schulcampus RLP","author":"mz-speyer","date":"27. Juni 2024","format":false,"excerpt":"Der Schulcampus RLP ist die digitale Plattform des Landes Rheinland-Pfalz, um den Anforderungen an Bildung in der digitalen Welt zu begegnen. Beantragung Nutzungsbedingungen Qualifizierung Campusbetreuer:in Fortbildungen Campusbetreuer:in Infoportal Sie brauchen Hilfe oder wissen nicht mehr wie etwas funktioniert?Im Infoportal im Schulcampus k\u00f6nnen Sie in der Suchleiste den Begriff eingeben und\u2026","rel":"","context":"\u00c4hnlicher Beitrag","block_context":{"text":"\u00c4hnlicher Beitrag","link":""},"img":{"alt_text":"","src":"https:\/\/i0.wp.com\/mz-speyer.bildung-rp.de\/wp-content\/uploads\/2025\/03\/Bildschirmfoto-2025-03-06-um-15.54.39-1024x126.png?resize=350%2C200&ssl=1","width":350,"height":200,"srcset":"https:\/\/i0.wp.com\/mz-speyer.bildung-rp.de\/wp-content\/uploads\/2025\/03\/Bildschirmfoto-2025-03-06-um-15.54.39-1024x126.png?resize=350%2C200&ssl=1 1x, https:\/\/i0.wp.com\/mz-speyer.bildung-rp.de\/wp-content\/uploads\/2025\/03\/Bildschirmfoto-2025-03-06-um-15.54.39-1024x126.png?resize=525%2C300&ssl=1 1.5x"},"classes":[]},{"id":5963,"url":"https:\/\/mz-speyer.bildung-rp.de\/index.php\/podcast\/","url_meta":{"origin":133,"position":5},"title":"Podcast","author":"mz-speyer","date":"4. Dezember 2024","format":false,"excerpt":"Lernen unter Strom hei\u00dft unser Podcast, den wir gemeinsam mit dem Medienzentrum S\u00fcdliche Weinstra\u00dfe in Landau produzieren. Er vereint Wissen aus der Bildung in der digitalen Welt mit Erfahrungsberichten zu aktuellen und praxisbezogenen Themen. Lassen Sie sich von den vielf\u00e4ltigen Inhalten motivieren und bereichern Sie so das Lernen und Lehren\u2026","rel":"","context":"\u00c4hnlicher Beitrag","block_context":{"text":"\u00c4hnlicher Beitrag","link":""},"img":{"alt_text":"","src":"https:\/\/i0.wp.com\/mz-speyer.bildung-rp.de\/wp-content\/uploads\/2025\/03\/Bildschirmfoto-2025-03-06-um-15.52.41-1024x126.png?resize=350%2C200&ssl=1","width":350,"height":200,"srcset":"https:\/\/i0.wp.com\/mz-speyer.bildung-rp.de\/wp-content\/uploads\/2025\/03\/Bildschirmfoto-2025-03-06-um-15.52.41-1024x126.png?resize=350%2C200&ssl=1 1x, https:\/\/i0.wp.com\/mz-speyer.bildung-rp.de\/wp-content\/uploads\/2025\/03\/Bildschirmfoto-2025-03-06-um-15.52.41-1024x126.png?resize=525%2C300&ssl=1 1.5x"},"classes":[]}],"_links":{"self":[{"href":"https:\/\/mz-speyer.bildung-rp.de\/index.php\/wp-json\/wp\/v2\/pages\/133","targetHints":{"allow":["GET"]}}],"collection":[{"href":"https:\/\/mz-speyer.bildung-rp.de\/index.php\/wp-json\/wp\/v2\/pages"}],"about":[{"href":"https:\/\/mz-speyer.bildung-rp.de\/index.php\/wp-json\/wp\/v2\/types\/page"}],"author":[{"embeddable":true,"href":"https:\/\/mz-speyer.bildung-rp.de\/index.php\/wp-json\/wp\/v2\/users\/3"}],"replies":[{"embeddable":true,"href":"https:\/\/mz-speyer.bildung-rp.de\/index.php\/wp-json\/wp\/v2\/comments?post=133"}],"version-history":[{"count":3,"href":"https:\/\/mz-speyer.bildung-rp.de\/index.php\/wp-json\/wp\/v2\/pages\/133\/revisions"}],"predecessor-version":[{"id":9446,"href":"https:\/\/mz-speyer.bildung-rp.de\/index.php\/wp-json\/wp\/v2\/pages\/133\/revisions\/9446"}],"wp:attachment":[{"href":"https:\/\/mz-speyer.bildung-rp.de\/index.php\/wp-json\/wp\/v2\/media?parent=133"}],"curies":[{"name":"wp","href":"https:\/\/api.w.org\/{rel}","templated":true}]}}