{"id":79,"date":"2018-04-26T13:17:38","date_gmt":"2018-04-26T11:17:38","guid":{"rendered":"https:\/\/mz-speyer.bildung-rp.de\/index.php\/mesmerize\/"},"modified":"2026-04-09T10:56:42","modified_gmt":"2026-04-09T08:56:42","slug":"mesmerize","status":"publish","type":"page","link":"https:\/\/mz-speyer.bildung-rp.de\/","title":{"rendered":"Start"},"content":{"rendered":"\t\t<div data-elementor-type=\"wp-post\" data-elementor-id=\"79\" class=\"elementor elementor-79\">\n\t\t\t\t\t\t<section class=\"elementor-section elementor-top-section elementor-element elementor-element-4dd54e9 elementor-section-boxed elementor-section-height-default elementor-section-height-default\" data-id=\"4dd54e9\" data-element_type=\"section\" data-e-type=\"section\">\n\t\t\t\t\t\t<div class=\"elementor-container elementor-column-gap-default\">\n\t\t\t\t\t<div class=\"elementor-column elementor-col-100 elementor-top-column elementor-element elementor-element-abcc171\" data-id=\"abcc171\" data-element_type=\"column\" data-e-type=\"column\">\n\t\t\t<div class=\"elementor-widget-wrap elementor-element-populated\">\n\t\t\t\t\t\t<div class=\"elementor-element elementor-element-2e0ebcb elementor-widget elementor-widget-text-editor\" data-id=\"2e0ebcb\" data-element_type=\"widget\" data-e-type=\"widget\" data-widget_type=\"text-editor.default\">\n\t\t\t\t<div class=\"elementor-widget-container\">\n\t\t\t\t\t\t\t\t\t<h2><span style=\"color: #000000;\">Medienkompetenz durch Medienbildung<\/span><\/h2><p><span style=\"color: #000000;\">Als<\/span> <span style=\"color: #0070c0;\"><a style=\"color: #0070c0;\" href=\"https:\/\/mz-speyer.bildung-rp.de\/index.php\/schulen\/\" target=\"_blank\" rel=\"noopener\">regionaler<\/a><\/span> <span style=\"color: #000000;\">Dienstleister unterst\u00fctzt das<\/span> <span style=\"color: #0070c0;\"><a style=\"color: #0070c0;\" href=\"https:\/\/mz-speyer.bildung-rp.de\/\" target=\"_blank\" rel=\"noopener\">Medienzentrum Stadt- und Kreisbildstelle Speyer<\/a> <\/span><span style=\"color: #000000;\">als Anlaufstelle alle Erziehungs- und Bildungsinstitutionen in der Region. Im Rahmen der kommunalen Aufgaben wird eine breite Auswahl an lizenzierten<\/span> <span style=\"color: #0070c0;\"><a style=\"color: #0070c0;\" href=\"https:\/\/mz-speyer.bildung-rp.de\/index.php\/bildungsmedien\/\" target=\"_blank\" rel=\"noopener\">Bildungsmedien<\/a><\/span> <span style=\"color: #000000;\">angeboten, die sowohl im<\/span> <a href=\"https:\/\/inmis.bildung-rp.de\/\" target=\"_blank\" rel=\"noopener\"><span style=\"color: #0070c0;\">Verleih<\/span><\/a> <span style=\"color: #000000;\">als auch in der<\/span> <a href=\"https:\/\/cloud.schulcampus-rlp.de\/edu-sharing\/components\/search\" target=\"_blank\" rel=\"noopener\"><span style=\"color: #0070c0;\">Mediathek<\/span><\/a> <span style=\"color: #000000;\">zur Verf\u00fcgung stehen.<\/span><\/p><p><span style=\"color: #000000;\">Im Bereich der<\/span> <a href=\"https:\/\/mz-speyer.bildung-rp.de\/index.php\/medienbildung\/\" target=\"_blank\" rel=\"noopener\"><span style=\"color: #0070c0;\">digitalen Bildung<\/span><\/a> <span style=\"color: #000000;\">wird Unterst\u00fctzung angeboten, um digitale Kompetenzen zu erwerben und zu vertiefen. Die praxisorientierten<\/span> <a href=\"https:\/\/mz-speyer.bildung-rp.de\/index.php\/fortbildungen\/\" target=\"_blank\" rel=\"noopener\"><span style=\"color: #0070c0;\">Fortbildungen<\/span><\/a> <span style=\"color: #000000;\">konzentrieren sich auf die Unterrichtsentwicklung im digitalen Umfeld und bieten Beratung zu<\/span> <a href=\"https:\/\/bildung.rlp.de\/schulemedienrecht\/\" target=\"_blank\" rel=\"noopener\"><span style=\"color: #0070c0;\">Schule.Medien.Recht<\/span><\/a>.<\/p><p><span style=\"color: #000000;\">Das Medienzentrum wird von der<\/span> <a href=\"https:\/\/www.speyer.de\/sv_speyer\/de\/Startseite\/\" target=\"_blank\" rel=\"noopener\"><span style=\"color: #0070c0;\">Stadt Speyer<\/span><\/a> <span style=\"color: #000000;\">und dem<\/span><span style=\"color: #0070c0;\"> <a style=\"color: #0070c0;\" href=\"https:\/\/www.rhein-pfalz-kreis.de\/kv_rpk\/\" target=\"_blank\" rel=\"noopener\">Rhein-Pfalz-Kreis<\/a><\/span> <span style=\"color: #000000;\">getragen, um gemeinsam die Bildungslandschaft zu st\u00e4rken und zukunftsorientierte Lernumgebungen zu schaffen.<\/span><\/p>\t\t\t\t\t\t\t\t<\/div>\n\t\t\t\t<\/div>\n\t\t\t\t\t<\/div>\n\t\t<\/div>\n\t\t\t\t\t<\/div>\n\t\t<\/section>\n\t\t\t\t<section class=\"elementor-section elementor-top-section elementor-element elementor-element-c312ad8 elementor-section-boxed elementor-section-height-default elementor-section-height-default\" data-id=\"c312ad8\" data-element_type=\"section\" data-e-type=\"section\">\n\t\t\t\t\t\t<div class=\"elementor-container elementor-column-gap-default\">\n\t\t\t\t\t<div class=\"elementor-column elementor-col-100 elementor-top-column elementor-element elementor-element-d3c2fbf\" data-id=\"d3c2fbf\" data-element_type=\"column\" data-e-type=\"column\">\n\t\t\t<div class=\"elementor-widget-wrap elementor-element-populated\">\n\t\t\t\t\t\t<div class=\"elementor-element elementor-element-a94aff1 elementor-widget elementor-widget-heading\" data-id=\"a94aff1\" data-element_type=\"widget\" data-e-type=\"widget\" data-widget_type=\"heading.default\">\n\t\t\t\t<div class=\"elementor-widget-container\">\n\t\t\t\t\t<h2 class=\"elementor-heading-title elementor-size-default\">\u00d6ffnungszeiten<\/h2>\t\t\t\t<\/div>\n\t\t\t\t<\/div>\n\t\t\t\t\t<\/div>\n\t\t<\/div>\n\t\t\t\t\t<\/div>\n\t\t<\/section>\n\t\t\t\t<section class=\"elementor-section elementor-top-section elementor-element elementor-element-908c7dd elementor-section-boxed elementor-section-height-default elementor-section-height-default\" data-id=\"908c7dd\" data-element_type=\"section\" data-e-type=\"section\">\n\t\t\t\t\t\t<div class=\"elementor-container elementor-column-gap-default\">\n\t\t\t\t\t<div class=\"elementor-column elementor-col-25 elementor-top-column elementor-element elementor-element-358cb9f\" data-id=\"358cb9f\" data-element_type=\"column\" data-e-type=\"column\">\n\t\t\t<div class=\"elementor-widget-wrap elementor-element-populated\">\n\t\t\t\t\t\t<div class=\"elementor-element elementor-element-a197f45 elementor-widget elementor-widget-text-editor\" data-id=\"a197f45\" data-element_type=\"widget\" data-e-type=\"widget\" data-widget_type=\"text-editor.default\">\n\t\t\t\t<div class=\"elementor-widget-container\">\n\t\t\t\t\t\t\t\t\t<p><span style=\"text-decoration: underline;\"><strong><span style=\"color: #000000; text-decoration: underline;\">Montag<\/span><\/strong><\/span><\/p>\t\t\t\t\t\t\t\t<\/div>\n\t\t\t\t<\/div>\n\t\t\t\t<div class=\"elementor-element elementor-element-41ab747 elementor-widget elementor-widget-text-editor\" data-id=\"41ab747\" data-element_type=\"widget\" data-e-type=\"widget\" data-widget_type=\"text-editor.default\">\n\t\t\t\t<div class=\"elementor-widget-container\">\n\t\t\t\t\t\t\t\t\t<p><span style=\"color: #000000;\">08:00 &#8211; 12:00 Uhr<\/span><\/p>\t\t\t\t\t\t\t\t<\/div>\n\t\t\t\t<\/div>\n\t\t\t\t\t<\/div>\n\t\t<\/div>\n\t\t\t\t<div class=\"elementor-column elementor-col-25 elementor-top-column elementor-element elementor-element-71cda06\" data-id=\"71cda06\" data-element_type=\"column\" data-e-type=\"column\">\n\t\t\t<div class=\"elementor-widget-wrap elementor-element-populated\">\n\t\t\t\t\t\t<div class=\"elementor-element elementor-element-13848a1 elementor-widget elementor-widget-text-editor\" data-id=\"13848a1\" data-element_type=\"widget\" data-e-type=\"widget\" data-widget_type=\"text-editor.default\">\n\t\t\t\t<div class=\"elementor-widget-container\">\n\t\t\t\t\t\t\t\t\t<p><span style=\"text-decoration: underline;\"><strong><span style=\"color: #000000; text-decoration: underline;\">Dienstag<\/span><\/strong><\/span><\/p>\t\t\t\t\t\t\t\t<\/div>\n\t\t\t\t<\/div>\n\t\t\t\t<div class=\"elementor-element elementor-element-842547e elementor-widget elementor-widget-text-editor\" data-id=\"842547e\" data-element_type=\"widget\" data-e-type=\"widget\" data-widget_type=\"text-editor.default\">\n\t\t\t\t<div class=\"elementor-widget-container\">\n\t\t\t\t\t\t\t\t\t<p><span style=\"color: #000000;\">08:00 &#8211; 12:00 Uhr<\/span><\/p>\t\t\t\t\t\t\t\t<\/div>\n\t\t\t\t<\/div>\n\t\t\t\t\t<\/div>\n\t\t<\/div>\n\t\t\t\t<div class=\"elementor-column elementor-col-25 elementor-top-column elementor-element elementor-element-47ccb4a\" data-id=\"47ccb4a\" data-element_type=\"column\" data-e-type=\"column\">\n\t\t\t<div class=\"elementor-widget-wrap elementor-element-populated\">\n\t\t\t\t\t\t<div class=\"elementor-element elementor-element-e763275 elementor-widget elementor-widget-text-editor\" data-id=\"e763275\" data-element_type=\"widget\" data-e-type=\"widget\" data-widget_type=\"text-editor.default\">\n\t\t\t\t<div class=\"elementor-widget-container\">\n\t\t\t\t\t\t\t\t\t<p><span style=\"text-decoration: underline;\"><strong><span style=\"color: #000000; text-decoration: underline;\">Mittwoch<\/span><\/strong><\/span><\/p>\t\t\t\t\t\t\t\t<\/div>\n\t\t\t\t<\/div>\n\t\t\t\t<div class=\"elementor-element elementor-element-2709d99 elementor-widget elementor-widget-text-editor\" data-id=\"2709d99\" data-element_type=\"widget\" data-e-type=\"widget\" data-widget_type=\"text-editor.default\">\n\t\t\t\t<div class=\"elementor-widget-container\">\n\t\t\t\t\t\t\t\t\t<p><span style=\"color: #000000;\">08:00 &#8211; 12:00 Uhr<\/span><\/p>\t\t\t\t\t\t\t\t<\/div>\n\t\t\t\t<\/div>\n\t\t\t\t<div class=\"elementor-element elementor-element-aa49044 elementor-widget elementor-widget-text-editor\" data-id=\"aa49044\" data-element_type=\"widget\" data-e-type=\"widget\" data-widget_type=\"text-editor.default\">\n\t\t\t\t<div class=\"elementor-widget-container\">\n\t\t\t\t\t\t\t\t\t<p><span style=\"color: #000000;\">14:00 &#8211; 16:00 Uhr<\/span><\/p>\t\t\t\t\t\t\t\t<\/div>\n\t\t\t\t<\/div>\n\t\t\t\t\t<\/div>\n\t\t<\/div>\n\t\t\t\t<div class=\"elementor-column elementor-col-25 elementor-top-column elementor-element elementor-element-cc0a6f1\" data-id=\"cc0a6f1\" data-element_type=\"column\" data-e-type=\"column\">\n\t\t\t<div class=\"elementor-widget-wrap elementor-element-populated\">\n\t\t\t\t\t\t<div class=\"elementor-element elementor-element-bed5aca elementor-widget elementor-widget-text-editor\" data-id=\"bed5aca\" data-element_type=\"widget\" data-e-type=\"widget\" data-widget_type=\"text-editor.default\">\n\t\t\t\t<div class=\"elementor-widget-container\">\n\t\t\t\t\t\t\t\t\t<p><span style=\"text-decoration: underline;\"><strong><span style=\"color: #000000; text-decoration: underline;\">Donnerstag<\/span><\/strong><\/span><\/p>\t\t\t\t\t\t\t\t<\/div>\n\t\t\t\t<\/div>\n\t\t\t\t<div class=\"elementor-element elementor-element-0723fe7 elementor-widget elementor-widget-text-editor\" data-id=\"0723fe7\" data-element_type=\"widget\" data-e-type=\"widget\" data-widget_type=\"text-editor.default\">\n\t\t\t\t<div class=\"elementor-widget-container\">\n\t\t\t\t\t\t\t\t\t<p><span style=\"color: #000000;\">08:00 &#8211; 12:00 Uhr<\/span><\/p>\t\t\t\t\t\t\t\t<\/div>\n\t\t\t\t<\/div>\n\t\t\t\t<div class=\"elementor-element elementor-element-fd81484 elementor-widget elementor-widget-text-editor\" data-id=\"fd81484\" data-element_type=\"widget\" data-e-type=\"widget\" data-widget_type=\"text-editor.default\">\n\t\t\t\t<div class=\"elementor-widget-container\">\n\t\t\t\t\t\t\t\t\t<p><span style=\"color: #000000;\">14:00 &#8211; 16:00 Uhr<\/span><\/p>\t\t\t\t\t\t\t\t<\/div>\n\t\t\t\t<\/div>\n\t\t\t\t\t<\/div>\n\t\t<\/div>\n\t\t\t\t\t<\/div>\n\t\t<\/section>\n\t\t\t\t<section class=\"elementor-section elementor-top-section elementor-element elementor-element-dbdc68e elementor-section-boxed elementor-section-height-default elementor-section-height-default\" data-id=\"dbdc68e\" data-element_type=\"section\" data-e-type=\"section\">\n\t\t\t\t\t\t<div class=\"elementor-container elementor-column-gap-default\">\n\t\t\t\t\t<div class=\"elementor-column elementor-col-100 elementor-top-column elementor-element elementor-element-3bf5e45\" data-id=\"3bf5e45\" data-element_type=\"column\" data-e-type=\"column\">\n\t\t\t<div class=\"elementor-widget-wrap elementor-element-populated\">\n\t\t\t\t\t\t<div class=\"elementor-element elementor-element-a116a13 elementor-widget elementor-widget-text-editor\" data-id=\"a116a13\" data-element_type=\"widget\" data-e-type=\"widget\" data-widget_type=\"text-editor.default\">\n\t\t\t\t<div class=\"elementor-widget-container\">\n\t\t\t\t\t\t\t\t\t<h3><span style=\"color: #000000;\">Ihre Ansprechpartner:<\/span><\/h3><ul><li><span style=\"color: #000000;\">Verwaltung: Marina M\u00fchleisen<\/span><\/li><li><span style=\"color: #000000;\">Leitung: Ulf Weber (RS+ Siedlung)<\/span><\/li><li><span style=\"color: #000000;\">Stellvertretung: Sara Bottaccio (Regionales Kompetenzzentrum S\u00fcd)<\/span><\/li><\/ul><h4><span style=\"color: #000000;\">Kontakt:<\/span><\/h4><ul><li><span style=\"color: #000000;\">Telefon: 0 62 32 \/ 14 &#8211; 28 80<\/span><\/li><li><span style=\"color: #000000;\">info@mz-speyer.bildung-rp.de<\/span><\/li><\/ul>\t\t\t\t\t\t\t\t<\/div>\n\t\t\t\t<\/div>\n\t\t\t\t\t<\/div>\n\t\t<\/div>\n\t\t\t\t\t<\/div>\n\t\t<\/section>\n\t\t\t\t<section class=\"elementor-section elementor-top-section elementor-element elementor-element-cc29585 elementor-section-boxed elementor-section-height-default elementor-section-height-default\" data-id=\"cc29585\" data-element_type=\"section\" data-e-type=\"section\">\n\t\t\t\t\t\t<div class=\"elementor-container elementor-column-gap-default\">\n\t\t\t\t\t<div class=\"elementor-column elementor-col-100 elementor-top-column elementor-element elementor-element-e2dcfb3\" data-id=\"e2dcfb3\" data-element_type=\"column\" data-e-type=\"column\">\n\t\t\t<div class=\"elementor-widget-wrap elementor-element-populated\">\n\t\t\t\t\t\t<div class=\"elementor-element elementor-element-8d66df9 elementor-widget elementor-widget-spacer\" data-id=\"8d66df9\" data-element_type=\"widget\" data-e-type=\"widget\" data-widget_type=\"spacer.default\">\n\t\t\t\t<div class=\"elementor-widget-container\">\n\t\t\t\t\t\t\t<div class=\"elementor-spacer\">\n\t\t\t<div class=\"elementor-spacer-inner\"><\/div>\n\t\t<\/div>\n\t\t\t\t\t\t<\/div>\n\t\t\t\t<\/div>\n\t\t\t\t\t<\/div>\n\t\t<\/div>\n\t\t\t\t\t<\/div>\n\t\t<\/section>\n\t\t\t\t<section class=\"elementor-section elementor-top-section elementor-element elementor-element-9da890d elementor-section-boxed elementor-section-height-default elementor-section-height-default\" data-id=\"9da890d\" data-element_type=\"section\" data-e-type=\"section\">\n\t\t\t\t\t\t<div class=\"elementor-container elementor-column-gap-default\">\n\t\t\t\t\t<div class=\"elementor-column elementor-col-100 elementor-top-column elementor-element elementor-element-e7385a7\" data-id=\"e7385a7\" data-element_type=\"column\" data-e-type=\"column\">\n\t\t\t<div class=\"elementor-widget-wrap elementor-element-populated\">\n\t\t\t\t\t\t<div class=\"elementor-element elementor-element-7f8dd4b elementor-widget elementor-widget-wp-widget-newsletterwidget\" data-id=\"7f8dd4b\" data-element_type=\"widget\" data-e-type=\"widget\" data-widget_type=\"wp-widget-newsletterwidget.default\">\n\t\t\t\t<div class=\"elementor-widget-container\">\n\t\t\t\t\t<div class=\"tnp tnp-subscription tnp-widget\">\n<form method=\"post\" action=\"https:\/\/mz-speyer.bildung-rp.de\/wp-admin\/admin-ajax.php?action=tnp&amp;na=s\">\n<input type=\"hidden\" name=\"nr\" value=\"widget\">\n<input type=\"hidden\" name=\"nlang\" value=\"\">\n<div class=\"tnp-field tnp-field-firstname\"><label for=\"tnp-1\">Vorname<\/label>\n<input class=\"tnp-name\" type=\"text\" name=\"nn\" id=\"tnp-1\" value=\"\" placeholder=\"\"><\/div>\n<div class=\"tnp-field tnp-field-surname\"><label for=\"tnp-2\">Nachname<\/label>\n<input class=\"tnp-surname\" type=\"text\" name=\"ns\" id=\"tnp-2\" value=\"\" placeholder=\"\"><\/div><div class=\"tnp-field tnp-field-email\"><label for=\"tnp-3\">E-Mail-Adresse<\/label>\n<input class=\"tnp-email\" type=\"email\" name=\"ne\" id=\"tnp-3\" value=\"\" placeholder=\"\" required><\/div>\n<div class=\"tnp-field tnp-privacy-field\"><label><input type=\"checkbox\" name=\"ny\" required class=\"tnp-privacy\"> Hiermit akzeptiere ich die Datenschutzbestimmungen<\/label><\/div><div class=\"tnp-field tnp-field-button\" style=\"text-align: left\"><input class=\"tnp-submit\" type=\"submit\" value=\"Abonnieren\" style=\"\">\n<\/div>\n<\/form>\n<\/div>\n\t\t\t\t<\/div>\n\t\t\t\t<\/div>\n\t\t\t\t\t<\/div>\n\t\t<\/div>\n\t\t\t\t\t<\/div>\n\t\t<\/section>\n\t\t\t\t<\/div>\n\t\t","protected":false},"excerpt":{"rendered":"<p>Medienkompetenz durch Medienbildung Als regionaler Dienstleister unterst\u00fctzt das Medienzentrum Stadt- und Kreisbildstelle Speyer als Anlaufstelle alle Erziehungs- und Bildungsinstitutionen in der Region. Im Rahmen der kommunalen Aufgaben wird eine breite Auswahl an lizenzierten Bildungsmedien angeboten, die sowohl im Verleih als &hellip;<\/p>\n<p class=\"read-more\"> <a class=\"more-link\" href=\"https:\/\/mz-speyer.bildung-rp.de\/\"> <span class=\"screen-reader-text\">Start<\/span> Weiterlesen &raquo;<\/a><\/p>\n","protected":false},"author":3,"featured_media":0,"parent":0,"menu_order":0,"comment_status":"closed","ping_status":"closed","template":"","meta":{"footnotes":""},"class_list":["post-79","page","type-page","status-publish","hentry"],"jetpack_sharing_enabled":true,"jetpack_shortlink":"https:\/\/wp.me\/PacmTy-1h","jetpack-related-posts":[{"id":133,"url":"https:\/\/mz-speyer.bildung-rp.de\/index.php\/impressum\/","url_meta":{"origin":79,"position":0},"title":"Impressum","author":"mz-speyer","date":"26. April 2018","format":false,"excerpt":"DisclaimerMedienzentrum im Media:TORStadt- und Kreisbildstelle SpeyerMaximiliansta\u00dfe 867346 SpeyerTelefon: 0 62 32 \/ 14 - 28 80www.mz-speyer.bildung-rp.deinfo@mz-speyer.bildung-rp.deLeitung: Ulf WeberHaftungsausschluss (Disclaimer)Haftung f\u00fcr InhalteAuf die Richtigkeit, Aktualit\u00e4t, Vollst\u00e4ndigkeit, Verst\u00e4ndlichkeit und Verf\u00fcgbarkeit der bereitgestellten Informationen wird zwar sehr sorgf\u00e4ltig geachtet, dennoch \u00fcbernimmt die Stadt- und Kreisbildstelle Speyer hierf\u00fcr keinerlei Gew\u00e4hr.Die Stadt- und Kreisbildstelle Speyer\u2026","rel":"","context":"\u00c4hnlicher Beitrag","block_context":{"text":"\u00c4hnlicher Beitrag","link":""},"img":{"alt_text":"","src":"","width":0,"height":0},"classes":[]},{"id":5963,"url":"https:\/\/mz-speyer.bildung-rp.de\/index.php\/podcast\/","url_meta":{"origin":79,"position":1},"title":"Podcast","author":"mz-speyer","date":"4. Dezember 2024","format":false,"excerpt":"Lernen unter Strom hei\u00dft unser Podcast, den wir gemeinsam mit dem Medienzentrum S\u00fcdliche Weinstra\u00dfe in Landau produzieren. Er vereint Wissen aus der Bildung in der digitalen Welt mit Erfahrungsberichten zu aktuellen und praxisbezogenen Themen. Lassen Sie sich von den vielf\u00e4ltigen Inhalten motivieren und bereichern Sie so das Lernen und Lehren\u2026","rel":"","context":"\u00c4hnlicher Beitrag","block_context":{"text":"\u00c4hnlicher Beitrag","link":""},"img":{"alt_text":"","src":"https:\/\/i0.wp.com\/mz-speyer.bildung-rp.de\/wp-content\/uploads\/2025\/03\/Bildschirmfoto-2025-03-06-um-15.52.41-1024x126.png?resize=350%2C200&ssl=1","width":350,"height":200,"srcset":"https:\/\/i0.wp.com\/mz-speyer.bildung-rp.de\/wp-content\/uploads\/2025\/03\/Bildschirmfoto-2025-03-06-um-15.52.41-1024x126.png?resize=350%2C200&ssl=1 1x, https:\/\/i0.wp.com\/mz-speyer.bildung-rp.de\/wp-content\/uploads\/2025\/03\/Bildschirmfoto-2025-03-06-um-15.52.41-1024x126.png?resize=525%2C300&ssl=1 1.5x"},"classes":[]},{"id":6109,"url":"https:\/\/mz-speyer.bildung-rp.de\/index.php\/kuenstliche-intelligenz-ki\/","url_meta":{"origin":79,"position":2},"title":"K\u00fcnstliche Intelligenz (KI)","author":"mz-speyer","date":"11. Dezember 2024","format":false,"excerpt":"Ab Februar 2026 steht Ihnen landesweit die neue\u00a0Masterclass KI - K\u00fcnstliche Intelligenz im Klassenzimmer\u00a0zur Verf\u00fcgung.\u00a0Die wichtigsten Fakten im \u00dcberblick:K\u00fcnstliche Intelligenz ver\u00e4ndert Lernen und Lehren grundlegend.Viele Sch\u00fclerinnen und Sch\u00fcler nutzen KI-Tools bereits selbstverst\u00e4ndlich.Die Masterclass richtet sich gezielt an Lehrkr\u00e4fte und Studierende.KI soll Lehrkr\u00e4fte unterst\u00fctzen und entlasten \u2013 nicht ersetzen.Zentrale Themen sind\u2026","rel":"","context":"\u00c4hnlicher Beitrag","block_context":{"text":"\u00c4hnlicher Beitrag","link":""},"img":{"alt_text":"","src":"https:\/\/i0.wp.com\/mz-speyer.bildung-rp.de\/wp-content\/uploads\/2025\/03\/Bildschirmfoto-2025-03-06-um-15.56.43-1024x126.png?resize=350%2C200&ssl=1","width":350,"height":200,"srcset":"https:\/\/i0.wp.com\/mz-speyer.bildung-rp.de\/wp-content\/uploads\/2025\/03\/Bildschirmfoto-2025-03-06-um-15.56.43-1024x126.png?resize=350%2C200&ssl=1 1x, https:\/\/i0.wp.com\/mz-speyer.bildung-rp.de\/wp-content\/uploads\/2025\/03\/Bildschirmfoto-2025-03-06-um-15.56.43-1024x126.png?resize=525%2C300&ssl=1 1.5x"},"classes":[]},{"id":5960,"url":"https:\/\/mz-speyer.bildung-rp.de\/index.php\/medienkompass-2\/","url_meta":{"origin":79,"position":3},"title":"MedienkomP@ss","author":"mz-speyer","date":"4. Dezember 2024","format":false,"excerpt":"Aktualisierte Neuauflage 2024 Die Kultusministerkonferenz (KMK) hat 2016 verpflichtend festgelegt, den Kompetenzaufbau der Sch\u00fclerinnen und Sch\u00fcler im Rahmen Bildung in der digitalen Welt in geeigneter Weise zu dokumentieren. Der MedienkomP@ss bietet ein Rahmenkonzept f\u00fcr den Unterricht in Klassenstufe 1 bis 6. Er dokumentiert also die digitale Arbeit der Sch\u00fclerinnen und\u2026","rel":"","context":"\u00c4hnlicher Beitrag","block_context":{"text":"\u00c4hnlicher Beitrag","link":""},"img":{"alt_text":"","src":"https:\/\/i0.wp.com\/mz-speyer.bildung-rp.de\/wp-content\/uploads\/2024\/12\/2024-12-04-09_59_09-Grundlagen-.-Medienkompass-_-Bildungsserver-Rheinland-Pfalz-%E2%80%93-Mozilla-Firefox.png?resize=350%2C200&ssl=1","width":350,"height":200},"classes":[]},{"id":28,"url":"https:\/\/mz-speyer.bildung-rp.de\/index.php\/fortbildungen\/","url_meta":{"origin":79,"position":4},"title":"Fortbildungen","author":"mz-speyer","date":"15. M\u00e4rz 2018","format":false,"excerpt":"\u00dcbersicht Pr\u00e4senzveranstaltungen Anmeldung in Fortbildung-Online Leistungsbewertung mit KI?! Donnerstag, 21.05.2026 (09:00 \u2013 13:00 Uhr) Anmeldung VA-Nr.: 26D4606341Kooperation mit dem Staatlichen Studienseminar f\u00fcr das Lehramt an Grundschulen RohrbachDigitale Medien und insbesondere KI-gest\u00fctzte Technologien pr\u00e4gen zunehmend den Schulalltag. Doch wie wirken diese Technologien eigentlich auf Lernende und Lehrende? Welche Chancen bieten sie\u2026","rel":"","context":"\u00c4hnlicher Beitrag","block_context":{"text":"\u00c4hnlicher Beitrag","link":""},"img":{"alt_text":"","src":"https:\/\/i0.wp.com\/mz-speyer.bildung-rp.de\/wp-content\/uploads\/2025\/03\/Bildschirmfoto-2025-03-06-um-15.47.30-1024x126.png?resize=350%2C200&ssl=1","width":350,"height":200,"srcset":"https:\/\/i0.wp.com\/mz-speyer.bildung-rp.de\/wp-content\/uploads\/2025\/03\/Bildschirmfoto-2025-03-06-um-15.47.30-1024x126.png?resize=350%2C200&ssl=1 1x, https:\/\/i0.wp.com\/mz-speyer.bildung-rp.de\/wp-content\/uploads\/2025\/03\/Bildschirmfoto-2025-03-06-um-15.47.30-1024x126.png?resize=525%2C300&ssl=1 1.5x"},"classes":[]},{"id":142,"url":"https:\/\/mz-speyer.bildung-rp.de\/index.php\/tablet\/","url_meta":{"origin":79,"position":5},"title":"Tablet","author":"mz-speyer","date":"7. Juni 2018","format":false,"excerpt":"Der Einsatz mobiler Endger\u00e4te in der Schule bietet zahlreiche M\u00f6glichkeiten f\u00fcr das Lernen und Lehren. Erfahren Sie hier mehr. Auf dem Weg zur 1:1 AusstattungHier finden Sie hilfreiche Tipps auf dem Weg zur 1:1 Ausstattung. Online-Angebote f\u00fcr Lehrkr\u00e4fteiPads - digital unterrichten!Das Online-Lernangebot iPads - digital unterrichten! richtet sich an Lehrkr\u00e4fte\u2026","rel":"","context":"\u00c4hnlicher Beitrag","block_context":{"text":"\u00c4hnlicher Beitrag","link":""},"img":{"alt_text":"","src":"https:\/\/i0.wp.com\/mz-speyer.bildung-rp.de\/wp-content\/uploads\/2025\/03\/Bildschirmfoto-2025-03-06-um-15.45.40-1024x126.png?resize=350%2C200&ssl=1","width":350,"height":200,"srcset":"https:\/\/i0.wp.com\/mz-speyer.bildung-rp.de\/wp-content\/uploads\/2025\/03\/Bildschirmfoto-2025-03-06-um-15.45.40-1024x126.png?resize=350%2C200&ssl=1 1x, https:\/\/i0.wp.com\/mz-speyer.bildung-rp.de\/wp-content\/uploads\/2025\/03\/Bildschirmfoto-2025-03-06-um-15.45.40-1024x126.png?resize=525%2C300&ssl=1 1.5x"},"classes":[]}],"_links":{"self":[{"href":"https:\/\/mz-speyer.bildung-rp.de\/index.php\/wp-json\/wp\/v2\/pages\/79","targetHints":{"allow":["GET"]}}],"collection":[{"href":"https:\/\/mz-speyer.bildung-rp.de\/index.php\/wp-json\/wp\/v2\/pages"}],"about":[{"href":"https:\/\/mz-speyer.bildung-rp.de\/index.php\/wp-json\/wp\/v2\/types\/page"}],"author":[{"embeddable":true,"href":"https:\/\/mz-speyer.bildung-rp.de\/index.php\/wp-json\/wp\/v2\/users\/3"}],"replies":[{"embeddable":true,"href":"https:\/\/mz-speyer.bildung-rp.de\/index.php\/wp-json\/wp\/v2\/comments?post=79"}],"version-history":[{"count":88,"href":"https:\/\/mz-speyer.bildung-rp.de\/index.php\/wp-json\/wp\/v2\/pages\/79\/revisions"}],"predecessor-version":[{"id":9627,"href":"https:\/\/mz-speyer.bildung-rp.de\/index.php\/wp-json\/wp\/v2\/pages\/79\/revisions\/9627"}],"wp:attachment":[{"href":"https:\/\/mz-speyer.bildung-rp.de\/index.php\/wp-json\/wp\/v2\/media?parent=79"}],"curies":[{"name":"wp","href":"https:\/\/api.w.org\/{rel}","templated":true}]}}